{"id":192,"date":"2023-04-14T09:21:21","date_gmt":"2023-04-14T07:21:21","guid":{"rendered":"https:\/\/wp2.fdistelberger2021.hla-moedling.schulwebspace.at\/?page_id=192"},"modified":"2023-05-19T16:25:11","modified_gmt":"2023-05-19T14:25:11","slug":"romantikzimmer","status":"publish","type":"page","link":"https:\/\/wp2.fdistelberger2021.hla-moedling.schulwebspace.at\/?page_id=192","title":{"rendered":""},"content":{"rendered":"\t\t<div data-elementor-type=\"wp-page\" data-elementor-id=\"192\" class=\"elementor elementor-192\">\n\t\t\t\t\t\t<section class=\"elementor-section elementor-top-section elementor-element elementor-element-b1d3f41 elementor-section-boxed elementor-section-height-default elementor-section-height-default\" data-id=\"b1d3f41\" data-element_type=\"section\" data-e-type=\"section\">\n\t\t\t\t\t\t<div class=\"elementor-container elementor-column-gap-default\">\n\t\t\t\t\t<div class=\"elementor-column elementor-col-100 elementor-top-column elementor-element elementor-element-7f4bdb1\" data-id=\"7f4bdb1\" data-element_type=\"column\" data-e-type=\"column\">\n\t\t\t<div class=\"elementor-widget-wrap elementor-element-populated\">\n\t\t\t\t\t\t<div class=\"elementor-element elementor-element-9d28663 elementor-widget elementor-widget-spacer\" data-id=\"9d28663\" data-element_type=\"widget\" data-e-type=\"widget\" data-widget_type=\"spacer.default\">\n\t\t\t\t<div class=\"elementor-widget-container\">\n\t\t\t\t\t\t\t<div class=\"elementor-spacer\">\n\t\t\t<div class=\"elementor-spacer-inner\"><\/div>\n\t\t<\/div>\n\t\t\t\t\t\t<\/div>\n\t\t\t\t<\/div>\n\t\t\t\t\t<\/div>\n\t\t<\/div>\n\t\t\t\t\t<\/div>\n\t\t<\/section>\n\t\t\t\t<section class=\"elementor-section elementor-top-section elementor-element elementor-element-8559bdb elementor-section-boxed elementor-section-height-default elementor-section-height-default\" data-id=\"8559bdb\" data-element_type=\"section\" data-e-type=\"section\">\n\t\t\t\t\t\t<div class=\"elementor-container elementor-column-gap-default\">\n\t\t\t\t\t<div class=\"elementor-column elementor-col-50 elementor-top-column elementor-element elementor-element-c60b8be\" data-id=\"c60b8be\" data-element_type=\"column\" data-e-type=\"column\">\n\t\t\t<div class=\"elementor-widget-wrap elementor-element-populated\">\n\t\t\t\t\t\t<div class=\"elementor-element elementor-element-989c62e elementor-widget elementor-widget-image\" data-id=\"989c62e\" data-element_type=\"widget\" data-e-type=\"widget\" data-widget_type=\"image.default\">\n\t\t\t\t<div class=\"elementor-widget-container\">\n\t\t\t\t\t\t\t\t\t\t\t\t\t\t\t<img decoding=\"async\" src=\"https:\/\/wp2.fdistelberger2021.hla-moedling.schulwebspace.at\/wp-content\/uploads\/2023\/04\/Collage-Romantikzimmer.png\" title=\"\" alt=\"\" loading=\"lazy\" \/>\t\t\t\t\t\t\t\t\t\t\t\t\t\t\t<\/div>\n\t\t\t\t<\/div>\n\t\t\t\t\t<\/div>\n\t\t<\/div>\n\t\t\t\t<div class=\"elementor-column elementor-col-50 elementor-top-column elementor-element elementor-element-ba345d4\" data-id=\"ba345d4\" data-element_type=\"column\" data-e-type=\"column\">\n\t\t\t<div class=\"elementor-widget-wrap elementor-element-populated\">\n\t\t\t\t\t\t<div class=\"elementor-element elementor-element-72ac837 elementor-widget elementor-widget-text-editor\" data-id=\"72ac837\" data-element_type=\"widget\" data-e-type=\"widget\" data-widget_type=\"text-editor.default\">\n\t\t\t\t<div class=\"elementor-widget-container\">\n\t\t\t\t\t\t\t\t\t<h1 style=\"font-style: normal; text-align: center;\"><span style=\"color: #000000;\">Romantikzimmer<\/span><\/h1><p style=\"text-align: center;\"><span style=\"color: #000000;\">&#8211; Doppelbett + Sofa<br \/><\/span><span style=\"color: #000000;\">&#8211; maximal 2 Personen<\/span><\/p><p>Schlafen Sie unter den Sternen \u2013 dieses gem\u00fctliche Zimmer verspricht Romantik pur!<\/p><p>Kuscheln erlaubt, lautet die Einladung in unserem Romantikzimmer an unsere G\u00e4ste. Endlich Zeit f\u00fcr sch\u00f6ne Gespr\u00e4che mit seinem Liebsten, f\u00fcr ein Lieblingsbuch oder ein k\u00f6stliches Glas Wein aus \u00d6sterreich!<\/p><p>Dieses Zimmer verw\u00f6hnt mit dem verspielten romantischen Charme im \u00f6sterreichischen Landhausstil.<\/p><p>Unser Romantikzimmer, einzigartig wie unsere G\u00e4ste.<\/p><p>\u00a0<\/p><p>\u00a0<\/p>\t\t\t\t\t\t\t\t<\/div>\n\t\t\t\t<\/div>\n\t\t\t\t\t<\/div>\n\t\t<\/div>\n\t\t\t\t\t<\/div>\n\t\t<\/section>\n\t\t\t\t<section class=\"elementor-section elementor-top-section elementor-element elementor-element-4266fb9 elementor-section-boxed elementor-section-height-default elementor-section-height-default\" data-id=\"4266fb9\" data-element_type=\"section\" data-e-type=\"section\">\n\t\t\t\t\t\t<div class=\"elementor-container elementor-column-gap-default\">\n\t\t\t\t\t<div class=\"elementor-column elementor-col-100 elementor-top-column elementor-element elementor-element-a4ced0c\" data-id=\"a4ced0c\" data-element_type=\"column\" data-e-type=\"column\">\n\t\t\t<div class=\"elementor-widget-wrap elementor-element-populated\">\n\t\t\t\t\t\t<div class=\"elementor-element elementor-element-88b3d63 elementor-widget elementor-widget-spacer\" data-id=\"88b3d63\" data-element_type=\"widget\" data-e-type=\"widget\" data-widget_type=\"spacer.default\">\n\t\t\t\t<div class=\"elementor-widget-container\">\n\t\t\t\t\t\t\t<div class=\"elementor-spacer\">\n\t\t\t<div class=\"elementor-spacer-inner\"><\/div>\n\t\t<\/div>\n\t\t\t\t\t\t<\/div>\n\t\t\t\t<\/div>\n\t\t\t\t\t<\/div>\n\t\t<\/div>\n\t\t\t\t\t<\/div>\n\t\t<\/section>\n\t\t\t\t<\/div>\n\t\t","protected":false},"excerpt":{"rendered":"<p>Romantikzimmer &#8211; Doppelbett + Sofa&#8211; maximal 2 Personen Schlafen Sie unter den Sternen \u2013 dieses gem\u00fctliche Zimmer verspricht Romantik pur! Kuscheln erlaubt, lautet die Einladung in unserem Romantikzimmer an unsere G\u00e4ste. Endlich Zeit f\u00fcr sch\u00f6ne Gespr\u00e4che mit seinem Liebsten, f\u00fcr ein Lieblingsbuch oder ein k\u00f6stliches Glas Wein aus \u00d6sterreich! Dieses Zimmer verw\u00f6hnt mit dem verspielten [&hellip;]<\/p>\n","protected":false},"author":1,"featured_media":0,"parent":0,"menu_order":0,"comment_status":"closed","ping_status":"closed","template":"","meta":{"site-sidebar-layout":"default","site-content-layout":"","ast-site-content-layout":"default","site-content-style":"default","site-sidebar-style":"default","ast-global-header-display":"","ast-banner-title-visibility":"","ast-main-header-display":"","ast-hfb-above-header-display":"","ast-hfb-below-header-display":"","ast-hfb-mobile-header-display":"","site-post-title":"","ast-breadcrumbs-content":"","ast-featured-img":"","footer-sml-layout":"","ast-disable-related-posts":"","theme-transparent-header-meta":"","adv-header-id-meta":"","stick-header-meta":"","header-above-stick-meta":"","header-main-stick-meta":"","header-below-stick-meta":"","astra-migrate-meta-layouts":"default","ast-page-background-enabled":"default","ast-page-background-meta":{"desktop":{"background-color":"var(--ast-global-color-4)","background-image":"","background-repeat":"repeat","background-position":"center center","background-size":"auto","background-attachment":"scroll","background-type":"","background-media":"","overlay-type":"","overlay-color":"","overlay-opacity":"","overlay-gradient":""},"tablet":{"background-color":"","background-image":"","background-repeat":"repeat","background-position":"center center","background-size":"auto","background-attachment":"scroll","background-type":"","background-media":"","overlay-type":"","overlay-color":"","overlay-opacity":"","overlay-gradient":""},"mobile":{"background-color":"","background-image":"","background-repeat":"repeat","background-position":"center center","background-size":"auto","background-attachment":"scroll","background-type":"","background-media":"","overlay-type":"","overlay-color":"","overlay-opacity":"","overlay-gradient":""}},"ast-content-background-meta":{"desktop":{"background-color":"var(--ast-global-color-5)","background-image":"","background-repeat":"repeat","background-position":"center center","background-size":"auto","background-attachment":"scroll","background-type":"","background-media":"","overlay-type":"","overlay-color":"","overlay-opacity":"","overlay-gradient":""},"tablet":{"background-color":"var(--ast-global-color-5)","background-image":"","background-repeat":"repeat","background-position":"center center","background-size":"auto","background-attachment":"scroll","background-type":"","background-media":"","overlay-type":"","overlay-color":"","overlay-opacity":"","overlay-gradient":""},"mobile":{"background-color":"var(--ast-global-color-5)","background-image":"","background-repeat":"repeat","background-position":"center center","background-size":"auto","background-attachment":"scroll","background-type":"","background-media":"","overlay-type":"","overlay-color":"","overlay-opacity":"","overlay-gradient":""}},"footnotes":""},"class_list":["post-192","page","type-page","status-publish","hentry"],"_links":{"self":[{"href":"https:\/\/wp2.fdistelberger2021.hla-moedling.schulwebspace.at\/index.php?rest_route=\/wp\/v2\/pages\/192","targetHints":{"allow":["GET"]}}],"collection":[{"href":"https:\/\/wp2.fdistelberger2021.hla-moedling.schulwebspace.at\/index.php?rest_route=\/wp\/v2\/pages"}],"about":[{"href":"https:\/\/wp2.fdistelberger2021.hla-moedling.schulwebspace.at\/index.php?rest_route=\/wp\/v2\/types\/page"}],"author":[{"embeddable":true,"href":"https:\/\/wp2.fdistelberger2021.hla-moedling.schulwebspace.at\/index.php?rest_route=\/wp\/v2\/users\/1"}],"replies":[{"embeddable":true,"href":"https:\/\/wp2.fdistelberger2021.hla-moedling.schulwebspace.at\/index.php?rest_route=%2Fwp%2Fv2%2Fcomments&post=192"}],"version-history":[{"count":68,"href":"https:\/\/wp2.fdistelberger2021.hla-moedling.schulwebspace.at\/index.php?rest_route=\/wp\/v2\/pages\/192\/revisions"}],"predecessor-version":[{"id":729,"href":"https:\/\/wp2.fdistelberger2021.hla-moedling.schulwebspace.at\/index.php?rest_route=\/wp\/v2\/pages\/192\/revisions\/729"}],"wp:attachment":[{"href":"https:\/\/wp2.fdistelberger2021.hla-moedling.schulwebspace.at\/index.php?rest_route=%2Fwp%2Fv2%2Fmedia&parent=192"}],"curies":[{"name":"wp","href":"https:\/\/api.w.org\/{rel}","templated":true}]}}