{"id":504,"date":"2023-05-04T17:56:16","date_gmt":"2023-05-04T15:56:16","guid":{"rendered":"https:\/\/wp2.fdistelberger2021.hla-moedling.schulwebspace.at\/?page_id=504"},"modified":"2023-05-12T08:50:21","modified_gmt":"2023-05-12T06:50:21","slug":"elementor-504","status":"publish","type":"page","link":"https:\/\/wp2.fdistelberger2021.hla-moedling.schulwebspace.at\/?page_id=504","title":{"rendered":"Pratersuite"},"content":{"rendered":"\t\t<div data-elementor-type=\"wp-page\" data-elementor-id=\"504\" class=\"elementor elementor-504\">\n\t\t\t\t\t\t<section class=\"elementor-section elementor-top-section elementor-element elementor-element-45feafa elementor-section-boxed elementor-section-height-default elementor-section-height-default\" data-id=\"45feafa\" data-element_type=\"section\" data-e-type=\"section\">\n\t\t\t\t\t\t<div class=\"elementor-container elementor-column-gap-default\">\n\t\t\t\t\t<div class=\"elementor-column elementor-col-100 elementor-top-column elementor-element elementor-element-ac59a54\" data-id=\"ac59a54\" data-element_type=\"column\" data-e-type=\"column\">\n\t\t\t<div class=\"elementor-widget-wrap elementor-element-populated\">\n\t\t\t\t\t\t<div class=\"elementor-element elementor-element-df5b6b1 elementor-widget elementor-widget-spacer\" data-id=\"df5b6b1\" data-element_type=\"widget\" data-e-type=\"widget\" data-widget_type=\"spacer.default\">\n\t\t\t\t<div class=\"elementor-widget-container\">\n\t\t\t\t\t\t\t<div class=\"elementor-spacer\">\n\t\t\t<div class=\"elementor-spacer-inner\"><\/div>\n\t\t<\/div>\n\t\t\t\t\t\t<\/div>\n\t\t\t\t<\/div>\n\t\t\t\t\t<\/div>\n\t\t<\/div>\n\t\t\t\t\t<\/div>\n\t\t<\/section>\n\t\t\t\t<section class=\"elementor-section elementor-top-section elementor-element elementor-element-857f19e elementor-section-boxed elementor-section-height-default elementor-section-height-default\" data-id=\"857f19e\" data-element_type=\"section\" data-e-type=\"section\">\n\t\t\t\t\t\t<div class=\"elementor-container elementor-column-gap-default\">\n\t\t\t\t\t<div class=\"elementor-column elementor-col-50 elementor-top-column elementor-element elementor-element-ddb8410\" data-id=\"ddb8410\" data-element_type=\"column\" data-e-type=\"column\">\n\t\t\t<div class=\"elementor-widget-wrap elementor-element-populated\">\n\t\t\t\t\t\t<div class=\"elementor-element elementor-element-99c0151 elementor-widget elementor-widget-image\" data-id=\"99c0151\" data-element_type=\"widget\" data-e-type=\"widget\" data-widget_type=\"image.default\">\n\t\t\t\t<div class=\"elementor-widget-container\">\n\t\t\t\t\t\t\t\t\t\t\t\t\t\t\t<img decoding=\"async\" src=\"https:\/\/wp2.fdistelberger2021.hla-moedling.schulwebspace.at\/wp-content\/uploads\/2023\/05\/Collage-Pratersuite.png\" title=\"\" alt=\"\" loading=\"lazy\" \/>\t\t\t\t\t\t\t\t\t\t\t\t\t\t\t<\/div>\n\t\t\t\t<\/div>\n\t\t\t\t\t<\/div>\n\t\t<\/div>\n\t\t\t\t<div class=\"elementor-column elementor-col-50 elementor-top-column elementor-element elementor-element-75f56f8\" data-id=\"75f56f8\" data-element_type=\"column\" data-e-type=\"column\">\n\t\t\t<div class=\"elementor-widget-wrap elementor-element-populated\">\n\t\t\t\t\t\t<div class=\"elementor-element elementor-element-b2475f1 elementor-widget elementor-widget-text-editor\" data-id=\"b2475f1\" data-element_type=\"widget\" data-e-type=\"widget\" data-widget_type=\"text-editor.default\">\n\t\t\t\t<div class=\"elementor-widget-container\">\n\t\t\t\t\t\t\t\t\t<h1 style=\"text-align: center;\">Pratersuite<\/h1><p style=\"text-align: center;\">&#8211; Rundes Bett (220cm)<br \/>&#8211; maximal 2 Personen<\/p><p>Abenteuer, Tradition, Wiener Charme und Lebenslust zugleich \u2013 kein anderer Ort verspr\u00fcht so viel Energie und Lebensfreude wie der Wiener Prater! Gef\u00fcllt mir turbulenten Achterbahnen, gruseligen Geisterbahnen und Attraktionen aller Art f\u00fcr Gro\u00df und Klein \u2013 kaum sonst wo auf der Welt findet sich ein \u00e4hnlicher Platz, der alle Sinne auf so mitrei\u00dfende Weise herausfordert. Das einzigartige Zimmer \u201ePratersuite\u201c wartet nur darauf, von Ihnen entdeckt zu werden. Bunt, originell und verspielt pr\u00e4sentiert sich dieser Raum. Schlafen Sie im runden Bett (Durchmesser 220cm) in Form des Blumenrads, erfreuen Sie sich an der Einmaligkeit des Badezimmers oder lachen Sie \u00fcber Ihren Anblick im gebogenen Spiegel \u2013 ein Zimmer der Extraklasse erwartet Sie!<\/p>\t\t\t\t\t\t\t\t<\/div>\n\t\t\t\t<\/div>\n\t\t\t\t\t<\/div>\n\t\t<\/div>\n\t\t\t\t\t<\/div>\n\t\t<\/section>\n\t\t\t\t<section class=\"elementor-section elementor-top-section elementor-element elementor-element-9291c92 elementor-section-boxed elementor-section-height-default elementor-section-height-default\" data-id=\"9291c92\" data-element_type=\"section\" data-e-type=\"section\">\n\t\t\t\t\t\t<div class=\"elementor-container elementor-column-gap-default\">\n\t\t\t\t\t<div class=\"elementor-column elementor-col-100 elementor-top-column elementor-element elementor-element-452eced\" data-id=\"452eced\" data-element_type=\"column\" data-e-type=\"column\">\n\t\t\t<div class=\"elementor-widget-wrap elementor-element-populated\">\n\t\t\t\t\t\t<div class=\"elementor-element elementor-element-9899723 elementor-widget elementor-widget-spacer\" data-id=\"9899723\" data-element_type=\"widget\" data-e-type=\"widget\" data-widget_type=\"spacer.default\">\n\t\t\t\t<div class=\"elementor-widget-container\">\n\t\t\t\t\t\t\t<div class=\"elementor-spacer\">\n\t\t\t<div class=\"elementor-spacer-inner\"><\/div>\n\t\t<\/div>\n\t\t\t\t\t\t<\/div>\n\t\t\t\t<\/div>\n\t\t\t\t\t<\/div>\n\t\t<\/div>\n\t\t\t\t\t<\/div>\n\t\t<\/section>\n\t\t\t\t<\/div>\n\t\t","protected":false},"excerpt":{"rendered":"<p>Pratersuite &#8211; Rundes Bett (220cm)&#8211; maximal 2 Personen Abenteuer, Tradition, Wiener Charme und Lebenslust zugleich \u2013 kein anderer Ort verspr\u00fcht so viel Energie und Lebensfreude wie der Wiener Prater! Gef\u00fcllt mir turbulenten Achterbahnen, gruseligen Geisterbahnen und Attraktionen aller Art f\u00fcr Gro\u00df und Klein \u2013 kaum sonst wo auf der Welt findet sich ein \u00e4hnlicher Platz, [&hellip;]<\/p>\n","protected":false},"author":1,"featured_media":0,"parent":0,"menu_order":0,"comment_status":"closed","ping_status":"closed","template":"","meta":{"site-sidebar-layout":"no-sidebar","site-content-layout":"page-builder","ast-site-content-layout":"default","site-content-style":"default","site-sidebar-style":"default","ast-global-header-display":"","ast-banner-title-visibility":"","ast-main-header-display":"","ast-hfb-above-header-display":"","ast-hfb-below-header-display":"","ast-hfb-mobile-header-display":"","site-post-title":"disabled","ast-breadcrumbs-content":"","ast-featured-img":"disabled","footer-sml-layout":"","ast-disable-related-posts":"","theme-transparent-header-meta":"","adv-header-id-meta":"","stick-header-meta":"","header-above-stick-meta":"","header-main-stick-meta":"","header-below-stick-meta":"","astra-migrate-meta-layouts":"default","ast-page-background-enabled":"default","ast-page-background-meta":{"desktop":{"background-color":"var(--ast-global-color-4)","background-image":"","background-repeat":"repeat","background-position":"center center","background-size":"auto","background-attachment":"scroll","background-type":"","background-media":"","overlay-type":"","overlay-color":"","overlay-opacity":"","overlay-gradient":""},"tablet":{"background-color":"","background-image":"","background-repeat":"repeat","background-position":"center center","background-size":"auto","background-attachment":"scroll","background-type":"","background-media":"","overlay-type":"","overlay-color":"","overlay-opacity":"","overlay-gradient":""},"mobile":{"background-color":"","background-image":"","background-repeat":"repeat","background-position":"center center","background-size":"auto","background-attachment":"scroll","background-type":"","background-media":"","overlay-type":"","overlay-color":"","overlay-opacity":"","overlay-gradient":""}},"ast-content-background-meta":{"desktop":{"background-color":"var(--ast-global-color-5)","background-image":"","background-repeat":"repeat","background-position":"center center","background-size":"auto","background-attachment":"scroll","background-type":"","background-media":"","overlay-type":"","overlay-color":"","overlay-opacity":"","overlay-gradient":""},"tablet":{"background-color":"var(--ast-global-color-5)","background-image":"","background-repeat":"repeat","background-position":"center center","background-size":"auto","background-attachment":"scroll","background-type":"","background-media":"","overlay-type":"","overlay-color":"","overlay-opacity":"","overlay-gradient":""},"mobile":{"background-color":"var(--ast-global-color-5)","background-image":"","background-repeat":"repeat","background-position":"center center","background-size":"auto","background-attachment":"scroll","background-type":"","background-media":"","overlay-type":"","overlay-color":"","overlay-opacity":"","overlay-gradient":""}},"footnotes":""},"class_list":["post-504","page","type-page","status-publish","hentry"],"_links":{"self":[{"href":"https:\/\/wp2.fdistelberger2021.hla-moedling.schulwebspace.at\/index.php?rest_route=\/wp\/v2\/pages\/504","targetHints":{"allow":["GET"]}}],"collection":[{"href":"https:\/\/wp2.fdistelberger2021.hla-moedling.schulwebspace.at\/index.php?rest_route=\/wp\/v2\/pages"}],"about":[{"href":"https:\/\/wp2.fdistelberger2021.hla-moedling.schulwebspace.at\/index.php?rest_route=\/wp\/v2\/types\/page"}],"author":[{"embeddable":true,"href":"https:\/\/wp2.fdistelberger2021.hla-moedling.schulwebspace.at\/index.php?rest_route=\/wp\/v2\/users\/1"}],"replies":[{"embeddable":true,"href":"https:\/\/wp2.fdistelberger2021.hla-moedling.schulwebspace.at\/index.php?rest_route=%2Fwp%2Fv2%2Fcomments&post=504"}],"version-history":[{"count":11,"href":"https:\/\/wp2.fdistelberger2021.hla-moedling.schulwebspace.at\/index.php?rest_route=\/wp\/v2\/pages\/504\/revisions"}],"predecessor-version":[{"id":679,"href":"https:\/\/wp2.fdistelberger2021.hla-moedling.schulwebspace.at\/index.php?rest_route=\/wp\/v2\/pages\/504\/revisions\/679"}],"wp:attachment":[{"href":"https:\/\/wp2.fdistelberger2021.hla-moedling.schulwebspace.at\/index.php?rest_route=%2Fwp%2Fv2%2Fmedia&parent=504"}],"curies":[{"name":"wp","href":"https:\/\/api.w.org\/{rel}","templated":true}]}}