{"id":514,"date":"2023-05-04T17:58:53","date_gmt":"2023-05-04T15:58:53","guid":{"rendered":"https:\/\/wp2.fdistelberger2021.hla-moedling.schulwebspace.at\/?page_id=514"},"modified":"2023-05-12T08:55:13","modified_gmt":"2023-05-12T06:55:13","slug":"elementor-514","status":"publish","type":"page","link":"https:\/\/wp2.fdistelberger2021.hla-moedling.schulwebspace.at\/?page_id=514","title":{"rendered":"Gartenappartement"},"content":{"rendered":"\t\t<div data-elementor-type=\"wp-page\" data-elementor-id=\"514\" class=\"elementor elementor-514\">\n\t\t\t\t\t\t<section class=\"elementor-section elementor-top-section elementor-element elementor-element-f9c1703 elementor-section-boxed elementor-section-height-default elementor-section-height-default\" data-id=\"f9c1703\" data-element_type=\"section\" data-e-type=\"section\">\n\t\t\t\t\t\t<div class=\"elementor-container elementor-column-gap-default\">\n\t\t\t\t\t<div class=\"elementor-column elementor-col-100 elementor-top-column elementor-element elementor-element-3be2e63\" data-id=\"3be2e63\" data-element_type=\"column\" data-e-type=\"column\">\n\t\t\t<div class=\"elementor-widget-wrap elementor-element-populated\">\n\t\t\t\t\t\t<div class=\"elementor-element elementor-element-fa13be0 elementor-widget elementor-widget-spacer\" data-id=\"fa13be0\" data-element_type=\"widget\" data-e-type=\"widget\" data-widget_type=\"spacer.default\">\n\t\t\t\t<div class=\"elementor-widget-container\">\n\t\t\t\t\t\t\t<div class=\"elementor-spacer\">\n\t\t\t<div class=\"elementor-spacer-inner\"><\/div>\n\t\t<\/div>\n\t\t\t\t\t\t<\/div>\n\t\t\t\t<\/div>\n\t\t\t\t\t<\/div>\n\t\t<\/div>\n\t\t\t\t\t<\/div>\n\t\t<\/section>\n\t\t\t\t<section class=\"elementor-section elementor-top-section elementor-element elementor-element-f2d5dc3 elementor-section-boxed elementor-section-height-default elementor-section-height-default\" data-id=\"f2d5dc3\" data-element_type=\"section\" data-e-type=\"section\">\n\t\t\t\t\t\t<div class=\"elementor-container elementor-column-gap-default\">\n\t\t\t\t\t<div class=\"elementor-column elementor-col-50 elementor-top-column elementor-element elementor-element-670ef0d\" data-id=\"670ef0d\" data-element_type=\"column\" data-e-type=\"column\">\n\t\t\t<div class=\"elementor-widget-wrap elementor-element-populated\">\n\t\t\t\t\t\t<div class=\"elementor-element elementor-element-0242a17 elementor-widget elementor-widget-image\" data-id=\"0242a17\" data-element_type=\"widget\" data-e-type=\"widget\" data-widget_type=\"image.default\">\n\t\t\t\t<div class=\"elementor-widget-container\">\n\t\t\t\t\t\t\t\t\t\t\t\t\t\t\t<img decoding=\"async\" src=\"https:\/\/wp2.fdistelberger2021.hla-moedling.schulwebspace.at\/wp-content\/uploads\/2023\/05\/Collage-Gartenappartement.png\" title=\"\" alt=\"\" loading=\"lazy\" \/>\t\t\t\t\t\t\t\t\t\t\t\t\t\t\t<\/div>\n\t\t\t\t<\/div>\n\t\t\t\t\t<\/div>\n\t\t<\/div>\n\t\t\t\t<div class=\"elementor-column elementor-col-50 elementor-top-column elementor-element elementor-element-461f0a2\" data-id=\"461f0a2\" data-element_type=\"column\" data-e-type=\"column\">\n\t\t\t<div class=\"elementor-widget-wrap elementor-element-populated\">\n\t\t\t\t\t\t<div class=\"elementor-element elementor-element-4582495 elementor-widget elementor-widget-text-editor\" data-id=\"4582495\" data-element_type=\"widget\" data-e-type=\"widget\" data-widget_type=\"text-editor.default\">\n\t\t\t\t<div class=\"elementor-widget-container\">\n\t\t\t\t\t\t\t\t\t<h1 style=\"text-align: center;\">Gartenappartement<\/h1><p style=\"text-align: center;\">&#8211; Doppelbett + Sofa <br \/>&#8211; maximal 3 Personen<br \/>&#8211; Gitterbett m\u00f6glich<\/p><p>Unser gem\u00fctlich eingerichtetes 2-Zimmer Appartement\u00a0 hat einen direkten<br \/>Ausgang in unseren sch\u00f6n angelegten Garten.<br \/>Nat\u00fcrlich ist es mit Dusche\/WC, SAT-TV, Heizung und einem K\u00fchlschrank ausgestattet. In der K\u00fcche k\u00f6nnen Sie in dem gem\u00fctlichen Essbereich Ihren Tag entspannt ausklingen lassen.<br \/>F\u00fcr Selbstversorger gibt es in diesem Zimmer eine<br \/>eingerichtete Kleink\u00fcche mit einer Mikrowelle, Induktionsplatte, Geschirr und einer Nespresso Kaffeemaschine.<\/p><p>Im Wohn\/Schlafbereich befindet sich ein gro\u00dfer Fernseher sowie ein gem\u00fctlicher Fehnsehsessel.<br \/>\u00dcberzeugen sie sich, wie herrlich ein anstrengender<br \/>Tag mit m\u00fcden F\u00fc\u00dfen enden kann.<\/p>\t\t\t\t\t\t\t\t<\/div>\n\t\t\t\t<\/div>\n\t\t\t\t\t<\/div>\n\t\t<\/div>\n\t\t\t\t\t<\/div>\n\t\t<\/section>\n\t\t\t\t<section class=\"elementor-section elementor-top-section elementor-element elementor-element-0627d5f elementor-section-boxed elementor-section-height-default elementor-section-height-default\" data-id=\"0627d5f\" data-element_type=\"section\" data-e-type=\"section\">\n\t\t\t\t\t\t<div class=\"elementor-container elementor-column-gap-default\">\n\t\t\t\t\t<div class=\"elementor-column elementor-col-100 elementor-top-column elementor-element elementor-element-f1f8376\" data-id=\"f1f8376\" data-element_type=\"column\" data-e-type=\"column\">\n\t\t\t<div class=\"elementor-widget-wrap elementor-element-populated\">\n\t\t\t\t\t\t<div class=\"elementor-element elementor-element-b94d703 elementor-widget elementor-widget-spacer\" data-id=\"b94d703\" data-element_type=\"widget\" data-e-type=\"widget\" data-widget_type=\"spacer.default\">\n\t\t\t\t<div class=\"elementor-widget-container\">\n\t\t\t\t\t\t\t<div class=\"elementor-spacer\">\n\t\t\t<div class=\"elementor-spacer-inner\"><\/div>\n\t\t<\/div>\n\t\t\t\t\t\t<\/div>\n\t\t\t\t<\/div>\n\t\t\t\t\t<\/div>\n\t\t<\/div>\n\t\t\t\t\t<\/div>\n\t\t<\/section>\n\t\t\t\t<\/div>\n\t\t","protected":false},"excerpt":{"rendered":"<p>Gartenappartement &#8211; Doppelbett + Sofa &#8211; maximal 3 Personen&#8211; Gitterbett m\u00f6glich Unser gem\u00fctlich eingerichtetes 2-Zimmer Appartement\u00a0 hat einen direktenAusgang in unseren sch\u00f6n angelegten Garten.Nat\u00fcrlich ist es mit Dusche\/WC, SAT-TV, Heizung und einem K\u00fchlschrank ausgestattet. In der K\u00fcche k\u00f6nnen Sie in dem gem\u00fctlichen Essbereich Ihren Tag entspannt ausklingen lassen.F\u00fcr Selbstversorger gibt es in diesem Zimmer eineeingerichtete [&hellip;]<\/p>\n","protected":false},"author":1,"featured_media":0,"parent":0,"menu_order":0,"comment_status":"closed","ping_status":"closed","template":"","meta":{"site-sidebar-layout":"no-sidebar","site-content-layout":"page-builder","ast-site-content-layout":"default","site-content-style":"default","site-sidebar-style":"default","ast-global-header-display":"","ast-banner-title-visibility":"","ast-main-header-display":"","ast-hfb-above-header-display":"","ast-hfb-below-header-display":"","ast-hfb-mobile-header-display":"","site-post-title":"disabled","ast-breadcrumbs-content":"","ast-featured-img":"disabled","footer-sml-layout":"","ast-disable-related-posts":"","theme-transparent-header-meta":"","adv-header-id-meta":"","stick-header-meta":"","header-above-stick-meta":"","header-main-stick-meta":"","header-below-stick-meta":"","astra-migrate-meta-layouts":"default","ast-page-background-enabled":"default","ast-page-background-meta":{"desktop":{"background-color":"var(--ast-global-color-4)","background-image":"","background-repeat":"repeat","background-position":"center center","background-size":"auto","background-attachment":"scroll","background-type":"","background-media":"","overlay-type":"","overlay-color":"","overlay-opacity":"","overlay-gradient":""},"tablet":{"background-color":"","background-image":"","background-repeat":"repeat","background-position":"center center","background-size":"auto","background-attachment":"scroll","background-type":"","background-media":"","overlay-type":"","overlay-color":"","overlay-opacity":"","overlay-gradient":""},"mobile":{"background-color":"","background-image":"","background-repeat":"repeat","background-position":"center center","background-size":"auto","background-attachment":"scroll","background-type":"","background-media":"","overlay-type":"","overlay-color":"","overlay-opacity":"","overlay-gradient":""}},"ast-content-background-meta":{"desktop":{"background-color":"var(--ast-global-color-5)","background-image":"","background-repeat":"repeat","background-position":"center center","background-size":"auto","background-attachment":"scroll","background-type":"","background-media":"","overlay-type":"","overlay-color":"","overlay-opacity":"","overlay-gradient":""},"tablet":{"background-color":"var(--ast-global-color-5)","background-image":"","background-repeat":"repeat","background-position":"center center","background-size":"auto","background-attachment":"scroll","background-type":"","background-media":"","overlay-type":"","overlay-color":"","overlay-opacity":"","overlay-gradient":""},"mobile":{"background-color":"var(--ast-global-color-5)","background-image":"","background-repeat":"repeat","background-position":"center center","background-size":"auto","background-attachment":"scroll","background-type":"","background-media":"","overlay-type":"","overlay-color":"","overlay-opacity":"","overlay-gradient":""}},"footnotes":""},"class_list":["post-514","page","type-page","status-publish","hentry"],"_links":{"self":[{"href":"https:\/\/wp2.fdistelberger2021.hla-moedling.schulwebspace.at\/index.php?rest_route=\/wp\/v2\/pages\/514","targetHints":{"allow":["GET"]}}],"collection":[{"href":"https:\/\/wp2.fdistelberger2021.hla-moedling.schulwebspace.at\/index.php?rest_route=\/wp\/v2\/pages"}],"about":[{"href":"https:\/\/wp2.fdistelberger2021.hla-moedling.schulwebspace.at\/index.php?rest_route=\/wp\/v2\/types\/page"}],"author":[{"embeddable":true,"href":"https:\/\/wp2.fdistelberger2021.hla-moedling.schulwebspace.at\/index.php?rest_route=\/wp\/v2\/users\/1"}],"replies":[{"embeddable":true,"href":"https:\/\/wp2.fdistelberger2021.hla-moedling.schulwebspace.at\/index.php?rest_route=%2Fwp%2Fv2%2Fcomments&post=514"}],"version-history":[{"count":11,"href":"https:\/\/wp2.fdistelberger2021.hla-moedling.schulwebspace.at\/index.php?rest_route=\/wp\/v2\/pages\/514\/revisions"}],"predecessor-version":[{"id":683,"href":"https:\/\/wp2.fdistelberger2021.hla-moedling.schulwebspace.at\/index.php?rest_route=\/wp\/v2\/pages\/514\/revisions\/683"}],"wp:attachment":[{"href":"https:\/\/wp2.fdistelberger2021.hla-moedling.schulwebspace.at\/index.php?rest_route=%2Fwp%2Fv2%2Fmedia&parent=514"}],"curies":[{"name":"wp","href":"https:\/\/api.w.org\/{rel}","templated":true}]}}